{"id":12,"date":"2018-01-11T13:29:17","date_gmt":"2018-01-11T13:29:17","guid":{"rendered":"http:\/\/valtteripaakki.fi\/?page_id=12"},"modified":"2025-01-03T18:47:56","modified_gmt":"2025-01-03T16:47:56","slug":"esittely","status":"publish","type":"page","link":"https:\/\/valtteripaakki.fi\/?page_id=12","title":{"rendered":"Valtteri"},"content":{"rendered":"\n<figure class=\"wp-block-image\"><img loading=\"lazy\" decoding=\"async\" width=\"768\" height=\"1024\" src=\"https:\/\/valtteripaakki.fi\/wp-content\/uploads\/2024\/03\/IMG_2473-768x1024.jpg\" alt=\"\" class=\"wp-image-260\" srcset=\"https:\/\/valtteripaakki.fi\/wp-content\/uploads\/2024\/03\/IMG_2473-768x1024.jpg 768w, https:\/\/valtteripaakki.fi\/wp-content\/uploads\/2024\/03\/IMG_2473-225x300.jpg 225w, https:\/\/valtteripaakki.fi\/wp-content\/uploads\/2024\/03\/IMG_2473-1152x1536.jpg 1152w, https:\/\/valtteripaakki.fi\/wp-content\/uploads\/2024\/03\/IMG_2473.jpg 1536w\" sizes=\"auto, (max-width: 768px) 100vw, 768px\" \/><\/figure>\n\n\n\n<p>Koti Espoossa, ty\u00f6t Keski-Suomessa ja juuret Oulun seudulla. El\u00e4m\u00e4 on avannut ovia ja mahdollisuuksia ymp\u00e4ri Suomen &#8211; ja antanut ymm\u00e4rryst\u00e4 siit\u00e4, kuinka Suomessakin eri alueilla on erilaisia vahvuuksia ja heikkouksia.&nbsp;<\/p>\n\n\n\n<p>Viimeisimm\u00e4t vuodet olen ty\u00f6skennellyt Keski-Suomen liitossa aluesuunnittelun ja aluekehityksen parissa. Se on ollut n\u00e4k\u00f6alapaikka siihen, kuinka paljon tulevaisuuteen t\u00e4ht\u00e4v\u00e4\u00e4 ty\u00f6t\u00e4 maakunnissa tehd\u00e4\u00e4n usein EU-rahoituksella.&nbsp;<\/p>\n\n\n\n<p>Aluesuunnitteluty\u00f6ss\u00e4 olen ollut edist\u00e4m\u00e4ss\u00e4 vihre\u00e4\u00e4 siirtym\u00e4\u00e4, ja n\u00e4hnyt ja kokenut sen, kuinka haastavaakin yhteensovittamista se voi olla. Asiat eiv\u00e4t ole mustavalkoisia &#8211; ja pelk\u00e4ll\u00e4 huutelulla ei p\u00e4\u00e4se kovin pitk\u00e4lle. Vihre\u00e4n siirtym\u00e4n edist\u00e4minen on v\u00e4ltt\u00e4m\u00e4t\u00f6nt\u00e4 tulevaisuuspolitiikkaa, mutta se on teht\u00e4v\u00e4 kest\u00e4v\u00e4sti ja oikeudenmukaisella tavalla. Kaikkien on pysytt\u00e4v\u00e4 mukana.&nbsp;<\/p>\n\n\n\n<p>Reilun puolentoista vuoden ajan on vapaa-aikaa ryhditt\u00e4nyt mukanaolo Valtioneuvoston kanslian alaisuudessa toimivassa Nuorten luonto- ja ilmastoryhm\u00e4 NUOLIssa. Ryhm\u00e4n tavoitteena on vahvistaa nuorten osallisuutta luonto- ja ilmastokysymyksiin liittyv\u00e4ss\u00e4 p\u00e4\u00e4t\u00f6ksenteossa. <\/p>\n\n\n\n<p>Kotona pirist\u00e4v\u00e4t kolme kissaa, kirjat, ulkoilu ja tv-sarjat. Erityisesti yl\u00e4kouluaikaan olin p\u00e4ivitt\u00e4in tulevien draama- ja saippuasarjojen suurkuluttaja, nyttemmin se puoli on j\u00e4\u00e4nyt aika v\u00e4h\u00e4lle. Viime aikoina olen my\u00f6s pyrkinyt virkist\u00e4m\u00e4\u00e4n omaa kirjoittamisharrastusta. <\/p>\n\n\n\n<p>25 vuoteen on mahtunut my\u00f6s taival politiikassa sek\u00e4 vaikuttajana ett\u00e4 ty\u00f6ntekij\u00e4n\u00e4. Erityisesti koen kasvattaj\u00e4rjest\u00f6kseni Keskustanuoret, jossa olen toiminut liittohallituksessa, vet\u00e4nyt periaateohjelmaty\u00f6t\u00e4 ja ty\u00f6skennellyt hetken aikaa poliittisena sihteerin\u00e4. Syyt\u00e4 toki mainita my\u00f6s sisarj\u00e4rjest\u00f6 Keskustaopiskelijat, jossa olen my\u00f6s vaikuttanut &#8211; esimerkiksi yhden vuoden toimin Oulun Keskustaopiskelijoiden puheenjohtajana. <\/p>\n\n\n\n<p>Koulutukseltani olen filosofian maisteri, p\u00e4\u00e4aineena maantiede. Valmistuin Oulun yliopistosta vuonna 2022. Erityisesti suuntauduin ihmismaantieteeseen, mik\u00e4 n\u00e4kyy my\u00f6s sivuainekokonaisuuksissani: valtio-oppi, sosiologia ja viestint\u00e4. <\/p>\n\n\n\n<p><\/p>\n","protected":false},"excerpt":{"rendered":"<p>Koti Espoossa, ty\u00f6t Keski-Suomessa ja juuret Oulun seudulla. El\u00e4m\u00e4 on avannut ovia ja mahdollisuuksia ymp\u00e4ri Suomen &#8211; ja antanut ymm\u00e4rryst\u00e4 siit\u00e4, kuinka Suomessakin eri alueilla on erilaisia vahvuuksia ja heikkouksia.&nbsp; Viimeisimm\u00e4t vuodet olen ty\u00f6skennellyt Keski-Suomen liitossa aluesuunnittelun ja aluekehityksen parissa. Se on ollut n\u00e4k\u00f6alapaikka siihen, kuinka paljon tulevaisuuteen t\u00e4ht\u00e4v\u00e4\u00e4 ty\u00f6t\u00e4 maakunnissa tehd\u00e4\u00e4n usein EU-rahoituksella.&nbsp; Aluesuunnitteluty\u00f6ss\u00e4 [&hellip;]<\/p>\n","protected":false},"author":1,"featured_media":0,"parent":0,"menu_order":0,"comment_status":"closed","ping_status":"closed","template":"template-without-title.php","meta":{"footnotes":""},"class_list":["post-12","page","type-page","status-publish","hentry"],"_links":{"self":[{"href":"https:\/\/valtteripaakki.fi\/index.php?rest_route=\/wp\/v2\/pages\/12","targetHints":{"allow":["GET"]}}],"collection":[{"href":"https:\/\/valtteripaakki.fi\/index.php?rest_route=\/wp\/v2\/pages"}],"about":[{"href":"https:\/\/valtteripaakki.fi\/index.php?rest_route=\/wp\/v2\/types\/page"}],"author":[{"embeddable":true,"href":"https:\/\/valtteripaakki.fi\/index.php?rest_route=\/wp\/v2\/users\/1"}],"replies":[{"embeddable":true,"href":"https:\/\/valtteripaakki.fi\/index.php?rest_route=%2Fwp%2Fv2%2Fcomments&post=12"}],"version-history":[{"count":5,"href":"https:\/\/valtteripaakki.fi\/index.php?rest_route=\/wp\/v2\/pages\/12\/revisions"}],"predecessor-version":[{"id":335,"href":"https:\/\/valtteripaakki.fi\/index.php?rest_route=\/wp\/v2\/pages\/12\/revisions\/335"}],"wp:attachment":[{"href":"https:\/\/valtteripaakki.fi\/index.php?rest_route=%2Fwp%2Fv2%2Fmedia&parent=12"}],"curies":[{"name":"wp","href":"https:\/\/api.w.org\/{rel}","templated":true}]}}