{"id":232,"date":"2018-01-11T13:23:55","date_gmt":"2018-01-11T13:23:55","guid":{"rendered":"http:\/\/valtteripaakki.fi\/?page_id=4"},"modified":"2025-01-08T19:56:07","modified_gmt":"2025-01-08T17:56:07","slug":"elementor-4","status":"publish","type":"page","link":"https:\/\/valtteripaakki.fi\/","title":{"rendered":"Innostuja, unelmoija ja keskustelija &#8211; Valtteri Paakki"},"content":{"rendered":"\n<p><\/p>\n\n\n\n<p>Olen Valtteri Paakki, innostuja, ja unelmoija ja keskustelija. Asemoitumistani leimaa erityisesti ty\u00f6 Keski-Suomen liitossa aluekehitysasiantuntijana sek\u00e4 toimiminen Nuorten luonto- ja ilmastoryhm\u00e4n koordinaattorina, mutta taustalla on my\u00f6s poliittista uraa, jonka ev\u00e4\u00e4t auttavat eteenp\u00e4in. Olin muun muassa kev\u00e4\u00e4ll\u00e4 2024 Keskustan ehdokkaana europarlamenttivaaleissa ja sit\u00e4 ennen ollen toiminut niin Keskustanuorten, Keskustaopiskelijoiden kuin Pohjois-Pohjanmaan Keskustankin toiminnassa.<\/p>\n\n\n\n<p>Koen, ett\u00e4 suurimmat poliittiset intohimoni olen jo saavuttanut. Olen p\u00e4\u00e4ssyt kokemaan niin vaikuttamisen puolueen sis\u00e4ll\u00e4 kuin ehdokkaana toimimisen valtakunnallisissa vaaleissa. Halu rakentaa parempaa maailmaa ja k\u00e4yd\u00e4 hyv\u00e4\u00e4 yhteiskunnallista keskustelua ei ole kuitenkaan kadonnut mihink\u00e4\u00e4n. Toivon mukaan t\u00e4m\u00e4 sivu toimii jonkinlaisena alustana sille. <\/p>\n\n\n\n<p>Pakollisena disclaimerina todettakoon, ett\u00e4 sivulla esitett\u00e4v\u00e4t n\u00e4kemykset eiv\u00e4t v\u00e4ltt\u00e4m\u00e4tt\u00e4 edusta Keski-Suomen liiton tai Nuorten luonto- ja ilmastoryhm\u00e4n n\u00e4kemyksi\u00e4, vaan ovat henkil\u00f6kohtaisia ajatuksia. <\/p>\n\n\n\n<h2 class=\"wp-block-heading has-text-align-left\">Seuraa somessa<\/h2>\n\n\n\t\t<div id=\"instagram-gallery-feed-0\" class=\"instagram-gallery-feed\" data-feed=\"{&quot;id&quot;:0,&quot;account_id&quot;:&quot;27894276913553356&quot;,&quot;source&quot;:&quot;username&quot;,&quot;tag&quot;:&quot;wordpress&quot;,&quot;order_by&quot;:&quot;top_media&quot;,&quot;layout&quot;:&quot;gallery&quot;,&quot;limit&quot;:6,&quot;columns&quot;:3,&quot;spacing&quot;:10,&quot;lazy&quot;:false,&quot;responsive&quot;:{&quot;desktop&quot;:{&quot;columns&quot;:3,&quot;spacing&quot;:10},&quot;tablet&quot;:{&quot;columns&quot;:2,&quot;spacing&quot;:8},&quot;mobile&quot;:{&quot;columns&quot;:1,&quot;spacing&quot;:6},&quot;breakpoints&quot;:{&quot;tablet&quot;:768,&quot;mobile&quot;:480}},&quot;aspect_ratio&quot;:{&quot;width&quot;:1,&quot;height&quot;:1},&quot;highlight&quot;:{&quot;tag&quot;:&quot;&quot;,&quot;id&quot;:&quot;&quot;,&quot;position&quot;:&quot;1,3,5&quot;},&quot;reel&quot;:{&quot;hide&quot;:false},&quot;copyright&quot;:{&quot;hide&quot;:false,&quot;placeholder&quot;:&quot;&quot;},&quot;profile&quot;:{&quot;display&quot;:false,&quot;username&quot;:&quot;&quot;,&quot;nickname&quot;:&quot;&quot;,&quot;website&quot;:&quot;&quot;,&quot;biography&quot;:&quot;&quot;,&quot;link_text&quot;:&quot;Follow&quot;,&quot;website_text&quot;:&quot;Website&quot;,&quot;avatar&quot;:&quot;&quot;},&quot;box&quot;:{&quot;display&quot;:false,&quot;padding&quot;:1,&quot;radius&quot;:0,&quot;background&quot;:&quot;#fefefe&quot;,&quot;profile&quot;:false,&quot;desc&quot;:&quot;&quot;,&quot;text_color&quot;:&quot;#000000&quot;},&quot;mask&quot;:{&quot;display&quot;:true,&quot;background&quot;:&quot;#000000&quot;,&quot;icon_color&quot;:&quot;#ffffff&quot;,&quot;likes_count&quot;:true,&quot;comments_count&quot;:true},&quot;card&quot;:{&quot;display&quot;:false,&quot;radius&quot;:1,&quot;font_size&quot;:12,&quot;background&quot;:&quot;#ffffff&quot;,&quot;background_hover&quot;:&quot;&quot;,&quot;text_color&quot;:&quot;#000000&quot;,&quot;padding&quot;:5,&quot;likes_count&quot;:true,&quot;text_length&quot;:10,&quot;comments_count&quot;:true,&quot;text_align&quot;:&quot;left&quot;},&quot;carousel&quot;:{&quot;centered_slides&quot;:false,&quot;autoplay&quot;:false,&quot;autoplay_interval&quot;:3000,&quot;navarrows&quot;:true,&quot;navarrows_color&quot;:&quot;&quot;,&quot;pagination&quot;:true,&quot;pagination_color&quot;:&quot;&quot;},&quot;modal&quot;:{&quot;display&quot;:true,&quot;profile&quot;:true,&quot;media_description&quot;:true,&quot;likes_count&quot;:true,&quot;comments_count&quot;:true,&quot;comments_list&quot;:false,&quot;text_align&quot;:&quot;left&quot;,&quot;modal_align&quot;:&quot;right&quot;,&quot;text_length&quot;:10000,&quot;font_size&quot;:12},&quot;button&quot;:{&quot;display&quot;:true,&quot;text&quot;:&quot;View on Instagram&quot;,&quot;text_color&quot;:&quot;#ffff&quot;,&quot;background&quot;:&quot;&quot;,&quot;background_hover&quot;:&quot;&quot;},&quot;button_load&quot;:{&quot;display&quot;:false,&quot;text&quot;:&quot;Load more...&quot;,&quot;text_color&quot;:&quot;#ffff&quot;,&quot;background&quot;:&quot;&quot;,&quot;background_hover&quot;:&quot;&quot;}}\">\n\t\t<!-- <FeedContainer\/> -->\n\t\t<\/div>\n\t\t\n\n\n\n<h2 class=\"wp-block-heading has-text-align-left\">Ole rohkeasti yhteydess\u00e4<\/h2>\n\n\n\n<p>Valtteri Paakki<br>044 9880622 \/ 040 525 6059<br>valtteri.paakki@gmail.com \/ valtteri.paakki@keskisuomi.fi<\/p>\n\n\n\n<p><\/p>\n","protected":false},"excerpt":{"rendered":"<p>Olen Valtteri Paakki, innostuja, ja unelmoija ja keskustelija. Asemoitumistani leimaa erityisesti ty\u00f6 Keski-Suomen liitossa aluekehitysasiantuntijana sek\u00e4 toimiminen Nuorten luonto- ja ilmastoryhm\u00e4n koordinaattorina, mutta taustalla on my\u00f6s poliittista uraa, jonka ev\u00e4\u00e4t auttavat eteenp\u00e4in. Olin muun muassa kev\u00e4\u00e4ll\u00e4 2024 Keskustan ehdokkaana europarlamenttivaaleissa ja sit\u00e4 ennen ollen toiminut niin Keskustanuorten, Keskustaopiskelijoiden kuin Pohjois-Pohjanmaan Keskustankin toiminnassa. Koen, ett\u00e4 suurimmat [&hellip;]<\/p>\n","protected":false},"author":1,"featured_media":250,"parent":0,"menu_order":0,"comment_status":"closed","ping_status":"closed","template":"template-without-title.php","meta":{"footnotes":""},"class_list":["post-232","page","type-page","status-publish","has-post-thumbnail","hentry"],"_links":{"self":[{"href":"https:\/\/valtteripaakki.fi\/index.php?rest_route=\/wp\/v2\/pages\/232","targetHints":{"allow":["GET"]}}],"collection":[{"href":"https:\/\/valtteripaakki.fi\/index.php?rest_route=\/wp\/v2\/pages"}],"about":[{"href":"https:\/\/valtteripaakki.fi\/index.php?rest_route=\/wp\/v2\/types\/page"}],"author":[{"embeddable":true,"href":"https:\/\/valtteripaakki.fi\/index.php?rest_route=\/wp\/v2\/users\/1"}],"replies":[{"embeddable":true,"href":"https:\/\/valtteripaakki.fi\/index.php?rest_route=%2Fwp%2Fv2%2Fcomments&post=232"}],"version-history":[{"count":10,"href":"https:\/\/valtteripaakki.fi\/index.php?rest_route=\/wp\/v2\/pages\/232\/revisions"}],"predecessor-version":[{"id":344,"href":"https:\/\/valtteripaakki.fi\/index.php?rest_route=\/wp\/v2\/pages\/232\/revisions\/344"}],"wp:featuredmedia":[{"embeddable":true,"href":"https:\/\/valtteripaakki.fi\/index.php?rest_route=\/wp\/v2\/media\/250"}],"wp:attachment":[{"href":"https:\/\/valtteripaakki.fi\/index.php?rest_route=%2Fwp%2Fv2%2Fmedia&parent=232"}],"curies":[{"name":"wp","href":"https:\/\/api.w.org\/{rel}","templated":true}]}}